{"id":3862,"date":"2022-04-27T21:21:40","date_gmt":"2022-04-27T21:21:40","guid":{"rendered":"https:\/\/the-kingfishers.de\/?page_id=3862"},"modified":"2022-04-27T21:21:40","modified_gmt":"2022-04-27T21:21:40","slug":"3862-2","status":"publish","type":"page","link":"https:\/\/the-kingfishers.de\/?page_id=3862","title":{"rendered":""},"content":{"rendered":"\n<p>Name: Tobi(ias)<br><br>Geboren: 5.12.83<br><br>Hobbys: Angeln,Fotografie, Aquaristik, Computer und Sport<br><br>Lieblingsfisch: Hecht (Zander, Barsch)<\/p>\n\n\n\n<p>Angelmotto:<br>Beim Angeln geht es mir nicht darum einfach Fische zufangen, sondern das Angeln und alle was damit zusammenh\u00e4ngt. Klar ist f\u00fcr mich, Angeln ist Entspannung, aber auch Spannung zu gleich. Das Faziniernste am Angeln finde ich, ist die Technik und das Wissen was damit zusammenh\u00e4ngt, den Fisch geziehlt zu beangeln und ihn anschlie\u00dfend mit Erfolg zu fangen. Das Sch\u00f6ne am Angeln ist, man kann seine Ruhe haben und sehr nah mit der Natur in Kontakt treten. Z.B. einen See zu beobachten, das Verhalten der Tiere im Wasser sowie der Umgebung, zu \u00fcberlegen, wo welche Fische stehen, wie und wann man sie am besten beangeln kann. Dazu versteht sich von selbst, dass man die Natur achtet und respektiert, d.h. das man ein waidgerechter Angler ist. Nat\u00fcrlich freut man sich \u00fcber seine F\u00e4nge und nimmt auch mal Fische zum Essen mit. Denn jeder Angler kennt das Gef\u00fchl, die Pose taucht ab, ein Rucken in der Rute, man sp\u00fcrt den Fisch, man steht v\u00f6llig unter Hochspannung, das ist Angeln. Und schlie\u00dflich schmeckt selbst gefangener Fisch am besten.<br><br><img loading=\"lazy\" decoding=\"async\" width=\"567\" height=\"332\" src=\"http:\/\/the-kingfishers.de\/kingfisher_team\/tobi\/bilder\/33.jpg\"><br><br>Zur meiner Person und wie ich zum Angeln gekommen bin:<br><br>Tja, was soll ich sagen, es fing alles an als ich das erstemal mit meinen Eltern nach Schweden fuhr, da war ich ungef\u00e4hr 6-7 Jahre alt. Unsere Famillie hat dort ein kleines Haus, das jeder aus der Famillie benutzen darf. Und wie es sich f\u00fcr Schweden geh\u00f6rt, war auch ganz in der N\u00e4he ein See. Da mich komischerweise schon fr\u00fcher das Wasser faziniert hatte, wollte ich Angeln gehen. Ein Stock aus dem Wald, ein paar W\u00fcrmer, Bindfaden und ein gebogener Nagel, fertig! Mein Vater durfte dann untem am See den Wurm aufspie\u00dfen, weil ich das nicht mochte. Gefangen wurde nat\u00fcrlich nichts. Zur\u00fcck in Hamburg wurde die Angellei vergessen. Doch komischerweise als wir das n\u00e4chste mal in Schweden waren, wollte ich wieder Angeln gehen. Ich kaufte mir diesmal im Supermarkt eine lange Holzangel aus Bambus. An diese Angel knotete ich dann einen Spinner, der meinem Onkel geh\u00f6rte. Der angelte schon l\u00e4nger in Schweden und hatte dort einen Angelkoffer stehen. Unten am Steg angekommen, lie\u00df ich den Spinner durchs Wasser sausen. Irgendwann kam dann ein deutscher Angler vorbei, der in Schweden seinen Urlaub verbrachte. Er erkl\u00e4rte mir, dass die Angel, die ich habe, nur dazu da ist, um kleine Fische zu fangen. Eine sogenannte Stippe. Man br\u00e4uchte eine Rute mit einer Rolle und aus anderem Matrial. Dann zeigte er mir noch, dass man Wirbel benutzen sollte, damit man schnell und bequem die K\u00f6der austauschen konnte. Tja, was blieb mir anderes \u00fcbrig, als meine Eltern zu nerven, dass ich eine richtige Angel br\u00e4uchte. Langes \u00dcberlegen bei meinen Eltern, ob ich auch wirklich weiter Angeln wollte und dass das keine Ausgabe ist, die aus dem Fenster fliegt ist. Ich beteuerte, dass ich auch weiterhin Angeln m\u00f6chte. Und schon hatte ich meine erste Angel in den H\u00e4nden. Eine kleine Abu Garcia mit einer Kapselrolle. F\u00fcr mich damals eine ultimative Angel, heute gesehen, der letzte Scheiss. Und es ging raus auf den See, mit null Ahnung. Es wurde mal der Spinner und der Blinker ausprobiert. Und dann passierte das Unglaubliche, womit meine Eltern und ich selber nicht gerechnet hatten. Ich hatte pl\u00f6tzlich Biss, mein gelangweilter Vater, der vom Angeln nicht so begeistert war, hattte mir erst nicht geglaubt als ich sagte &#8222;Ich hab einen!!&#8220;. Mein erster Fisch, ein kleiner Hecht. Mein Herz raste, ich war auf meinem ersten Angeladrenalinschock. Der kleine Hecht war schnell m\u00fcde und wurde sicher im Boot gelandet. Mein ganzer K\u00f6rper zitterte, tja, nun hatte ich einen Fisch, wusste aber gar nichts mit ihm anzufangen. Ich wollte ihn zur\u00fccksetzten, da er zu klein war. Doch das Problem war, dass der Hecht den Spinner zu tief geschluckt hatte und wir ihn nicht aus dem Schlund bekamen. Zum Gl\u00fcck waren andere Angler auf dem See, die uns halfen. Den Schweden, denen wir das Problem erkl\u00e4rten, zogen mit einer Zange und einem kr\u00e4ftigen Ruck den Spinner aus dem Hecht. Doch der Hecht war leider tot. Mitgenommen habe ich ihn trotzdem. Ich war ja auch irgendwie stolz darauf. Der Hecht wurde dann irgendwie von mir ausgenommen und gewaschen. Alle anderen aus meiner Famillie fanden das zu eklig. Tja, ausserdem musste ich das ja lernen. Geschmeckt hate er sehr gut. Nach diesem Erlebnis war ich noch mehr am Angeln interessiert, wollte mich aber mehr erkundigen, damit ich keine Fehler mache und nicht wieder ein kleinere Hecht leiden muss, weil ich mich nicht auskenne. Nach diesen Erfolgsferien war ich auch in Hamburg interessierter Angler. Ich lie\u00df mir B\u00fccher schenken und las sie. Mit der Zeit ging dann auch die kleine Abu Gracia mit der Kapselrolle kaputt und ich brauchte eine richtige Angel. Zwar war es diesmal wieder eine Abu Garcia, doch diesmal mit einer Station\u00e4rrolle mit 3 Kugellagern, in die ich mich sofort verliebt hatte. Dann angelte ich mich so in Hamburg durch, jeder kleiner T\u00fcmpel wurde ausprobiert. Und schlie\u00dflich fing ich meine ersten Brassen, Rotaugen, Schleien, Hechte und Karauschen. Tja und so verging die Zeit und ich machte meinen Angelschein 1998. Damals war das Angeln noch nicht so extrem in meinem Leben verankert. Doch heute muss ich sagen, ist Angeln ein wichtiger Bestandteil meines Leben. 2002 bekam ich einen neuen Mitsch\u00fcler in meine Klasse, Fynn. Als ich mich mit ihm das erstemal unterhielt, kam heraus, dass er auch angelt. Tja und da bot ich ihm an, dass er mal meine Angelzeitschriften leihen kann. Und am n\u00e4chsten Tag brachte ich ihm einem Stapel Zeitschriften und B\u00fccher mit. Das erstemal wo Fynn dann bei mir war, brauchten wir nicht lange zu \u00fcberlegen was wir machen. Ich zeigte ihm erstmal die kleinen Seen, wo ich immer Angeln gegangen bin. Tja und so kam man immer mehr ins Gespr\u00e4ch und lernte sich immer besser kennen. Heute sind wir ein eingespieltes Team und verstehen uns super. Dadurch, dass ich ihn kennengelernt habe, hat sich bei mir das Angeln noch mehr gesteigert, denn endlich hatte ich einenGleichgesinnten, der genauso verr\u00fcckt aufs Angeln war.<br>Tja und so sind das mehre Angeltrips geworden und wir versuchen das Angeln bis in die Perfektion zu betreiben<br><br>So das wars in etwa, eine grobe Zusammenfassung wie ich zum Angeln gekommen bin..<\/p>\n","protected":false},"excerpt":{"rendered":"<p>Name: Tobi(ias) Geboren: 5.12.83 Hobbys: Angeln,Fotografie, Aquaristik, Computer und Sport Lieblingsfisch: Hecht (Zander, Barsch) Angelmotto:Beim Angeln geht es mir nicht darum einfach Fische zufangen, sondern das Angeln und alle was damit zusammenh\u00e4ngt. Klar ist f\u00fcr mich, Angeln ist Entspannung, aber auch Spannung zu gleich. Das Faziniernste am Angeln finde ich, ist die Technik und das [&hellip;]<\/p>\n","protected":false},"author":1,"featured_media":0,"parent":0,"menu_order":0,"comment_status":"closed","ping_status":"closed","template":"","meta":{"footnotes":""},"class_list":["post-3862","page","type-page","status-publish","hentry"],"_links":{"self":[{"href":"https:\/\/the-kingfishers.de\/index.php?rest_route=\/wp\/v2\/pages\/3862","targetHints":{"allow":["GET"]}}],"collection":[{"href":"https:\/\/the-kingfishers.de\/index.php?rest_route=\/wp\/v2\/pages"}],"about":[{"href":"https:\/\/the-kingfishers.de\/index.php?rest_route=\/wp\/v2\/types\/page"}],"author":[{"embeddable":true,"href":"https:\/\/the-kingfishers.de\/index.php?rest_route=\/wp\/v2\/users\/1"}],"replies":[{"embeddable":true,"href":"https:\/\/the-kingfishers.de\/index.php?rest_route=%2Fwp%2Fv2%2Fcomments&post=3862"}],"version-history":[{"count":1,"href":"https:\/\/the-kingfishers.de\/index.php?rest_route=\/wp\/v2\/pages\/3862\/revisions"}],"predecessor-version":[{"id":3863,"href":"https:\/\/the-kingfishers.de\/index.php?rest_route=\/wp\/v2\/pages\/3862\/revisions\/3863"}],"wp:attachment":[{"href":"https:\/\/the-kingfishers.de\/index.php?rest_route=%2Fwp%2Fv2%2Fmedia&parent=3862"}],"curies":[{"name":"wp","href":"https:\/\/api.w.org\/{rel}","templated":true}]}}