{"id":2451,"date":"2000-04-08T14:14:00","date_gmt":"2000-04-08T14:14:00","guid":{"rendered":"https:\/\/blog.the-kingfishers.de\/?page_id=2451"},"modified":"2022-04-08T14:21:48","modified_gmt":"2022-04-08T14:21:48","slug":"der-zander","status":"publish","type":"page","link":"https:\/\/the-kingfishers.de\/?page_id=2451","title":{"rendered":"Der Zander"},"content":{"rendered":"\n<p><img loading=\"lazy\" decoding=\"async\" src=\"https:\/\/the-kingfishers.de\/fisch_bio\/wie_alt\/bilder\/zandertabelle.jpg\" width=\"654\" height=\"467\"><br><br>K\u00f6der: Spinner,K\u00f6derfisch,Twister, Gummifisch, Wobbler<br><br>Vorkommen: See, Fluss<br><br>Der Zander ist zwar nicht so ber\u00fchmt wie der Hecht. Aber man hat ihn aber genauso gerne im Kescher wie den S\u00fc\u00dfwasser-Hai. Wenn man das erstmal einen Zander an der Angel hat, kann man sich aber schnell in ihn verlieben, von einfacher schwere bis hin zu den markanten Kopfst\u00f6\u00dfen, l\u00e4\u00dft das Herz schneller schlagen. Und ausserdem schmeckt er ganz vorz\u00fcglich und sieht auf jeden Fangfoto Spitze aus.<br><br><img loading=\"lazy\" decoding=\"async\" src=\"https:\/\/the-kingfishers.de\/fisch_bio\/wie_alt\/bilder\/fangtzeitenzander.jpg\" width=\"510\" height=\"203\"><\/p>\n","protected":false},"excerpt":{"rendered":"<p>K\u00f6der: Spinner,K\u00f6derfisch,Twister, Gummifisch, Wobbler Vorkommen: See, Fluss Der Zander ist zwar nicht so ber\u00fchmt wie der Hecht. Aber man hat ihn aber genauso gerne im Kescher wie den S\u00fc\u00dfwasser-Hai. Wenn man das erstmal einen Zander an der Angel hat, kann man sich aber schnell in ihn verlieben, von einfacher schwere bis hin zu den markanten [&hellip;]<\/p>\n","protected":false},"author":1,"featured_media":0,"parent":0,"menu_order":0,"comment_status":"closed","ping_status":"closed","template":"","meta":{"footnotes":""},"class_list":["post-2451","page","type-page","status-publish","hentry"],"_links":{"self":[{"href":"https:\/\/the-kingfishers.de\/index.php?rest_route=\/wp\/v2\/pages\/2451","targetHints":{"allow":["GET"]}}],"collection":[{"href":"https:\/\/the-kingfishers.de\/index.php?rest_route=\/wp\/v2\/pages"}],"about":[{"href":"https:\/\/the-kingfishers.de\/index.php?rest_route=\/wp\/v2\/types\/page"}],"author":[{"embeddable":true,"href":"https:\/\/the-kingfishers.de\/index.php?rest_route=\/wp\/v2\/users\/1"}],"replies":[{"embeddable":true,"href":"https:\/\/the-kingfishers.de\/index.php?rest_route=%2Fwp%2Fv2%2Fcomments&post=2451"}],"version-history":[{"count":1,"href":"https:\/\/the-kingfishers.de\/index.php?rest_route=\/wp\/v2\/pages\/2451\/revisions"}],"predecessor-version":[{"id":2462,"href":"https:\/\/the-kingfishers.de\/index.php?rest_route=\/wp\/v2\/pages\/2451\/revisions\/2462"}],"wp:attachment":[{"href":"https:\/\/the-kingfishers.de\/index.php?rest_route=%2Fwp%2Fv2%2Fmedia&parent=2451"}],"curies":[{"name":"wp","href":"https:\/\/api.w.org\/{rel}","templated":true}]}}