{"id":2449,"date":"2000-04-08T14:14:00","date_gmt":"2000-04-08T14:14:00","guid":{"rendered":"https:\/\/blog.the-kingfishers.de\/?page_id=2449"},"modified":"2022-04-08T14:14:56","modified_gmt":"2022-04-08T14:14:56","slug":"das-rotauge","status":"publish","type":"page","link":"https:\/\/the-kingfishers.de\/?page_id=2449","title":{"rendered":"Das Rotauge"},"content":{"rendered":"\n<p><img loading=\"lazy\" decoding=\"async\" src=\"https:\/\/the-kingfishers.de\/fisch_bio\/wie_alt\/bilder\/rotaugetabelle.jpg\" width=\"654\" height=\"467\"><br><br>K\u00f6der: W\u00fcrmer, Maden, Mais, Erbsen, Hanf<br><br>Vorkommen: See, Fluss, Brackwasser<br><br>Was w\u00e4ren wir wohl ohne das Rotauge, ganz abgesehen davon, dass es die Aufgabe hat gefressen zu werden und wir es zum Angeln ben\u00f6tigen. Manche beangeln es nur, um es als K\u00f6derfisch zu verwenden. Es gibt aber auch richtige Stippangler, die auf die Kapitalen aus sind. Es bringt aber auch viel Spa\u00df, ein kapitales Rotauge auf der Stippe zu fangen, der Drill kann bis zu 10 min dauern.<br><br><img loading=\"lazy\" decoding=\"async\" src=\"https:\/\/the-kingfishers.de\/fisch_bio\/wie_alt\/bilder\/fangtzeitenrotauge.jpg\" width=\"510\" height=\"203\"><\/p>\n","protected":false},"excerpt":{"rendered":"<p>K\u00f6der: W\u00fcrmer, Maden, Mais, Erbsen, Hanf Vorkommen: See, Fluss, Brackwasser Was w\u00e4ren wir wohl ohne das Rotauge, ganz abgesehen davon, dass es die Aufgabe hat gefressen zu werden und wir es zum Angeln ben\u00f6tigen. Manche beangeln es nur, um es als K\u00f6derfisch zu verwenden. Es gibt aber auch richtige Stippangler, die auf die Kapitalen aus [&hellip;]<\/p>\n","protected":false},"author":1,"featured_media":0,"parent":0,"menu_order":0,"comment_status":"closed","ping_status":"closed","template":"","meta":{"footnotes":""},"class_list":["post-2449","page","type-page","status-publish","hentry"],"_links":{"self":[{"href":"https:\/\/the-kingfishers.de\/index.php?rest_route=\/wp\/v2\/pages\/2449","targetHints":{"allow":["GET"]}}],"collection":[{"href":"https:\/\/the-kingfishers.de\/index.php?rest_route=\/wp\/v2\/pages"}],"about":[{"href":"https:\/\/the-kingfishers.de\/index.php?rest_route=\/wp\/v2\/types\/page"}],"author":[{"embeddable":true,"href":"https:\/\/the-kingfishers.de\/index.php?rest_route=\/wp\/v2\/users\/1"}],"replies":[{"embeddable":true,"href":"https:\/\/the-kingfishers.de\/index.php?rest_route=%2Fwp%2Fv2%2Fcomments&post=2449"}],"version-history":[{"count":1,"href":"https:\/\/the-kingfishers.de\/index.php?rest_route=\/wp\/v2\/pages\/2449\/revisions"}],"predecessor-version":[{"id":2450,"href":"https:\/\/the-kingfishers.de\/index.php?rest_route=\/wp\/v2\/pages\/2449\/revisions\/2450"}],"wp:attachment":[{"href":"https:\/\/the-kingfishers.de\/index.php?rest_route=%2Fwp%2Fv2%2Fmedia&parent=2449"}],"curies":[{"name":"wp","href":"https:\/\/api.w.org\/{rel}","templated":true}]}}