{"id":2447,"date":"2000-04-08T14:13:00","date_gmt":"2000-04-08T14:13:00","guid":{"rendered":"https:\/\/blog.the-kingfishers.de\/?page_id=2447"},"modified":"2022-04-08T14:14:31","modified_gmt":"2022-04-08T14:14:31","slug":"die-regenbogenforelle","status":"publish","type":"page","link":"https:\/\/the-kingfishers.de\/?page_id=2447","title":{"rendered":"Die Regenbogenforelle"},"content":{"rendered":"\n<p><img loading=\"lazy\" decoding=\"async\" src=\"https:\/\/the-kingfishers.de\/fisch_bio\/wie_alt\/bilder\/regenbogenforelletabelle.jpg\" width=\"654\" height=\"467\"><br><br>K\u00f6der: kleine Spinner, Wobbler, W\u00fcrmer, Maden und Forellenteig<br><br>Vorkommen: Fl\u00fcsse, Seen oder B\u00e4che<br><br>Regenbogenforellen werden eigentlich &#8222;nur&#8220; maximal 14 Pfund schwer und 70 cm lang. Dies gilt nur f\u00fcr Fische in nat\u00fcrlichen Gew\u00e4ssern. Die schnellw\u00fcchsigen Regenbogenforellen werden in der Teichwirtschaft eingesetzt, dort k\u00f6nnen dann wahre Monster mit Gewichten bis zu 25 Pfund heranwachsen. Diese Tablle besteht aus Informationen der Teichwirtschaft.<br><br><img loading=\"lazy\" decoding=\"async\" src=\"https:\/\/the-kingfishers.de\/fisch_bio\/wie_alt\/bilder\/fangtzeitenregenbogenforelle.jpg\" width=\"510\" height=\"203\"><\/p>\n","protected":false},"excerpt":{"rendered":"<p>K\u00f6der: kleine Spinner, Wobbler, W\u00fcrmer, Maden und Forellenteig Vorkommen: Fl\u00fcsse, Seen oder B\u00e4che Regenbogenforellen werden eigentlich &#8222;nur&#8220; maximal 14 Pfund schwer und 70 cm lang. Dies gilt nur f\u00fcr Fische in nat\u00fcrlichen Gew\u00e4ssern. Die schnellw\u00fcchsigen Regenbogenforellen werden in der Teichwirtschaft eingesetzt, dort k\u00f6nnen dann wahre Monster mit Gewichten bis zu 25 Pfund heranwachsen. Diese Tablle [&hellip;]<\/p>\n","protected":false},"author":1,"featured_media":0,"parent":0,"menu_order":0,"comment_status":"closed","ping_status":"closed","template":"","meta":{"footnotes":""},"class_list":["post-2447","page","type-page","status-publish","hentry"],"_links":{"self":[{"href":"https:\/\/the-kingfishers.de\/index.php?rest_route=\/wp\/v2\/pages\/2447","targetHints":{"allow":["GET"]}}],"collection":[{"href":"https:\/\/the-kingfishers.de\/index.php?rest_route=\/wp\/v2\/pages"}],"about":[{"href":"https:\/\/the-kingfishers.de\/index.php?rest_route=\/wp\/v2\/types\/page"}],"author":[{"embeddable":true,"href":"https:\/\/the-kingfishers.de\/index.php?rest_route=\/wp\/v2\/users\/1"}],"replies":[{"embeddable":true,"href":"https:\/\/the-kingfishers.de\/index.php?rest_route=%2Fwp%2Fv2%2Fcomments&post=2447"}],"version-history":[{"count":1,"href":"https:\/\/the-kingfishers.de\/index.php?rest_route=\/wp\/v2\/pages\/2447\/revisions"}],"predecessor-version":[{"id":2448,"href":"https:\/\/the-kingfishers.de\/index.php?rest_route=\/wp\/v2\/pages\/2447\/revisions\/2448"}],"wp:attachment":[{"href":"https:\/\/the-kingfishers.de\/index.php?rest_route=%2Fwp%2Fv2%2Fmedia&parent=2447"}],"curies":[{"name":"wp","href":"https:\/\/api.w.org\/{rel}","templated":true}]}}