{"id":2443,"date":"2000-04-08T14:11:00","date_gmt":"2000-04-08T14:11:00","guid":{"rendered":"https:\/\/blog.the-kingfishers.de\/?page_id=2443"},"modified":"2022-04-08T14:12:50","modified_gmt":"2022-04-08T14:12:50","slug":"der-hecht","status":"publish","type":"page","link":"https:\/\/the-kingfishers.de\/?page_id=2443","title":{"rendered":"Der Hecht"},"content":{"rendered":"\n<p class=\"has-text-align-center\"><img loading=\"lazy\" decoding=\"async\" width=\"654\" height=\"467\" src=\"https:\/\/the-kingfishers.de\/fisch_bio\/wie_alt\/bilder\/hechttabelle.jpg\"><\/p>\n\n\n\n<p>K\u00f6der: Spinner, Wobbler, Blinker, Gummifisch, Streamer, K\u00f6derfisch<br><br>Vorkommen: Fl\u00fcsse, Seen oder B\u00e4che<br>Der Hecht, einer der bekanntesten Fische \u00fcberhaupt, ist mein pers\u00f6nlicher Lieblingsfisch. Er ist einer der schnellw\u00fcchsigsten Fische \u00fcberhaupt und wenn man sich einmal vorstellt, dass man vor drei Jahren einen 60er gefangen hat und diesen wieder zur\u00fcckgesetzt hat, dann lauert in dem Angelrevier vielleicht auch ein Riese. Hechte wachsen aber nur so schnell, wenn sie ein reiches Angebot an Nahrung haben.<\/p>\n\n\n\n<p class=\"has-text-align-center\"><br><br><img loading=\"lazy\" decoding=\"async\" width=\"510\" height=\"203\" src=\"https:\/\/the-kingfishers.de\/fisch_bio\/wie_alt\/bilder\/fangtzeitenhecht.jpg\"><\/p>\n","protected":false},"excerpt":{"rendered":"<p>K\u00f6der: Spinner, Wobbler, Blinker, Gummifisch, Streamer, K\u00f6derfisch Vorkommen: Fl\u00fcsse, Seen oder B\u00e4cheDer Hecht, einer der bekanntesten Fische \u00fcberhaupt, ist mein pers\u00f6nlicher Lieblingsfisch. Er ist einer der schnellw\u00fcchsigsten Fische \u00fcberhaupt und wenn man sich einmal vorstellt, dass man vor drei Jahren einen 60er gefangen hat und diesen wieder zur\u00fcckgesetzt hat, dann lauert in dem Angelrevier vielleicht [&hellip;]<\/p>\n","protected":false},"author":1,"featured_media":0,"parent":0,"menu_order":0,"comment_status":"closed","ping_status":"closed","template":"","meta":{"footnotes":""},"class_list":["post-2443","page","type-page","status-publish","hentry"],"_links":{"self":[{"href":"https:\/\/the-kingfishers.de\/index.php?rest_route=\/wp\/v2\/pages\/2443","targetHints":{"allow":["GET"]}}],"collection":[{"href":"https:\/\/the-kingfishers.de\/index.php?rest_route=\/wp\/v2\/pages"}],"about":[{"href":"https:\/\/the-kingfishers.de\/index.php?rest_route=\/wp\/v2\/types\/page"}],"author":[{"embeddable":true,"href":"https:\/\/the-kingfishers.de\/index.php?rest_route=\/wp\/v2\/users\/1"}],"replies":[{"embeddable":true,"href":"https:\/\/the-kingfishers.de\/index.php?rest_route=%2Fwp%2Fv2%2Fcomments&post=2443"}],"version-history":[{"count":1,"href":"https:\/\/the-kingfishers.de\/index.php?rest_route=\/wp\/v2\/pages\/2443\/revisions"}],"predecessor-version":[{"id":2444,"href":"https:\/\/the-kingfishers.de\/index.php?rest_route=\/wp\/v2\/pages\/2443\/revisions\/2444"}],"wp:attachment":[{"href":"https:\/\/the-kingfishers.de\/index.php?rest_route=%2Fwp%2Fv2%2Fmedia&parent=2443"}],"curies":[{"name":"wp","href":"https:\/\/api.w.org\/{rel}","templated":true}]}}