{"id":2441,"date":"2000-04-08T14:10:00","date_gmt":"2000-04-08T14:10:00","guid":{"rendered":"https:\/\/blog.the-kingfishers.de\/?page_id=2441"},"modified":"2022-04-08T14:11:15","modified_gmt":"2022-04-08T14:11:15","slug":"die-brasse","status":"publish","type":"page","link":"https:\/\/the-kingfishers.de\/?page_id=2441","title":{"rendered":"Die Brasse"},"content":{"rendered":"\n<p class=\"has-text-align-center\"><img loading=\"lazy\" decoding=\"async\" width=\"654\" height=\"467\" src=\"https:\/\/the-kingfishers.de\/fisch_bio\/wie_alt\/bilder\/brassetabelle.jpg\"><\/p>\n\n\n\n<p>K\u00f6der: Mais, W\u00fcrmer, Maden<br><br>Vorkommen: See, Fluss<br><br>Wer kennt sie nicht, die Brassen, sie kommen fast \u00fcberall vor. Die einen finden sie nur l\u00e4stig, die anderen machen das Beste draus und angeln mit feinem Ger\u00e4t auf Brassen. Grosse Brassen halten sich am Tag in tieferen Schichten auf, in der Nacht ziehen sie in Ufern\u00e4he. Das Angeln auf Brassen mit der Federrute kann super viel Spa\u00df bringen.<\/p>\n\n\n\n<p class=\"has-text-align-center\"><img loading=\"lazy\" decoding=\"async\" width=\"510\" height=\"203\" src=\"https:\/\/the-kingfishers.de\/fisch_bio\/wie_alt\/bilder\/fangtzeitenbrasse.jpg\"><\/p>\n","protected":false},"excerpt":{"rendered":"<p>K\u00f6der: Mais, W\u00fcrmer, Maden Vorkommen: See, Fluss Wer kennt sie nicht, die Brassen, sie kommen fast \u00fcberall vor. Die einen finden sie nur l\u00e4stig, die anderen machen das Beste draus und angeln mit feinem Ger\u00e4t auf Brassen. Grosse Brassen halten sich am Tag in tieferen Schichten auf, in der Nacht ziehen sie in Ufern\u00e4he. Das [&hellip;]<\/p>\n","protected":false},"author":1,"featured_media":0,"parent":0,"menu_order":0,"comment_status":"closed","ping_status":"closed","template":"","meta":{"footnotes":""},"class_list":["post-2441","page","type-page","status-publish","hentry"],"_links":{"self":[{"href":"https:\/\/the-kingfishers.de\/index.php?rest_route=\/wp\/v2\/pages\/2441","targetHints":{"allow":["GET"]}}],"collection":[{"href":"https:\/\/the-kingfishers.de\/index.php?rest_route=\/wp\/v2\/pages"}],"about":[{"href":"https:\/\/the-kingfishers.de\/index.php?rest_route=\/wp\/v2\/types\/page"}],"author":[{"embeddable":true,"href":"https:\/\/the-kingfishers.de\/index.php?rest_route=\/wp\/v2\/users\/1"}],"replies":[{"embeddable":true,"href":"https:\/\/the-kingfishers.de\/index.php?rest_route=%2Fwp%2Fv2%2Fcomments&post=2441"}],"version-history":[{"count":1,"href":"https:\/\/the-kingfishers.de\/index.php?rest_route=\/wp\/v2\/pages\/2441\/revisions"}],"predecessor-version":[{"id":2442,"href":"https:\/\/the-kingfishers.de\/index.php?rest_route=\/wp\/v2\/pages\/2441\/revisions\/2442"}],"wp:attachment":[{"href":"https:\/\/the-kingfishers.de\/index.php?rest_route=%2Fwp%2Fv2%2Fmedia&parent=2441"}],"curies":[{"name":"wp","href":"https:\/\/api.w.org\/{rel}","templated":true}]}}