{"id":2433,"date":"2000-04-08T14:04:00","date_gmt":"2000-04-08T14:04:00","guid":{"rendered":"https:\/\/blog.the-kingfishers.de\/?page_id=2433"},"modified":"2022-04-08T14:42:03","modified_gmt":"2022-04-08T14:42:03","slug":"der-aal","status":"publish","type":"page","link":"https:\/\/the-kingfishers.de\/?page_id=2433","title":{"rendered":"Der Aal"},"content":{"rendered":"\n<p class=\"has-text-align-center\"><img loading=\"lazy\" decoding=\"async\" src=\"https:\/\/the-kingfishers.de\/fisch_bio\/wie_alt\/bilder\/aaltabelle.jpg\" width=\"654\" height=\"467\"><\/p>\n\n\n\n<p>K\u00f6der: K\u00f6derfisch, Fischfetzen, Tauwurm, Maden, Krabben<br><br>Vorkommen: Fl\u00fcsse, Seen oder B\u00e4che, Meer<br><br>Was soll man denn dazu sagen, der Aal einer der beliebtesten und einer der besonderen S\u00fc\u00dfwasserfische. Der Aal bei\u00dft mal ganz zaghaft und dann wie der Teufel pers\u00f6nlich, dass die Rute nur so zuckt. Und jeder wird fr\u00fcher oder sp\u00e4ter mit der &#8222;sch\u00f6nen&#8220; Schleimschicht Bekanntschaft machen.<\/p>\n\n\n\n<p class=\"has-text-align-center\" id=\"https:\/\/the-kingfishers.de\/?p=2429\"><img loading=\"lazy\" decoding=\"async\" width=\"510\" height=\"203\" src=\"https:\/\/the-kingfishers.de\/fisch_bio\/wie_alt\/bilder\/fangtzeitenaal.jpg\"><br><br><strong>Zur\u00fcck zur \u00dcbersicht<\/strong><br><br><br><br><\/p>\n","protected":false},"excerpt":{"rendered":"<p>K\u00f6der: K\u00f6derfisch, Fischfetzen, Tauwurm, Maden, Krabben Vorkommen: Fl\u00fcsse, Seen oder B\u00e4che, Meer Was soll man denn dazu sagen, der Aal einer der beliebtesten und einer der besonderen S\u00fc\u00dfwasserfische. Der Aal bei\u00dft mal ganz zaghaft und dann wie der Teufel pers\u00f6nlich, dass die Rute nur so zuckt. Und jeder wird fr\u00fcher oder sp\u00e4ter mit der &#8222;sch\u00f6nen&#8220; [&hellip;]<\/p>\n","protected":false},"author":1,"featured_media":0,"parent":0,"menu_order":0,"comment_status":"closed","ping_status":"closed","template":"","meta":{"footnotes":""},"class_list":["post-2433","page","type-page","status-publish","hentry"],"_links":{"self":[{"href":"https:\/\/the-kingfishers.de\/index.php?rest_route=\/wp\/v2\/pages\/2433","targetHints":{"allow":["GET"]}}],"collection":[{"href":"https:\/\/the-kingfishers.de\/index.php?rest_route=\/wp\/v2\/pages"}],"about":[{"href":"https:\/\/the-kingfishers.de\/index.php?rest_route=\/wp\/v2\/types\/page"}],"author":[{"embeddable":true,"href":"https:\/\/the-kingfishers.de\/index.php?rest_route=\/wp\/v2\/users\/1"}],"replies":[{"embeddable":true,"href":"https:\/\/the-kingfishers.de\/index.php?rest_route=%2Fwp%2Fv2%2Fcomments&post=2433"}],"version-history":[{"count":3,"href":"https:\/\/the-kingfishers.de\/index.php?rest_route=\/wp\/v2\/pages\/2433\/revisions"}],"predecessor-version":[{"id":2475,"href":"https:\/\/the-kingfishers.de\/index.php?rest_route=\/wp\/v2\/pages\/2433\/revisions\/2475"}],"wp:attachment":[{"href":"https:\/\/the-kingfishers.de\/index.php?rest_route=%2Fwp%2Fv2%2Fmedia&parent=2433"}],"curies":[{"name":"wp","href":"https:\/\/api.w.org\/{rel}","templated":true}]}}